{"id":198,"date":"2013-08-18T15:21:24","date_gmt":"2013-08-18T15:21:24","guid":{"rendered":"http:\/\/apacbc.wordpress.com\/?page_id=198"},"modified":"2013-08-18T15:21:24","modified_gmt":"2013-08-18T15:21:24","slug":"actividades-en-curso","status":"publish","type":"page","link":"https:\/\/apacbc.es\/apahistorico\/pastoral\/actividades-en-curso\/","title":{"rendered":"Actividades en curso"},"content":{"rendered":"<h1 style=\"text-align: center\"><strong>\u00a1I MARCHA \u201cMARIANA\u201d MOTERA!<\/strong><\/h1>\n<p>Estimadas familias,<\/p>\n<p>\u00a0\u00a0\u00a0\u00a0\u00a0\u00a0\u00a0\u00a0\u00a0\u00a0\u00a0 La Asociaci\u00f3n de Padres y Madres del Colegio os vuelve a proponer una <strong>salida en Moto<\/strong>.<\/p>\n<p>Con ocasi\u00f3n de la \u201c<strong>Marcha Mariana\u201d<\/strong> que reunir\u00e1 <strong>comunidades agustinianas de toda <\/strong><strong>Espa\u00f1a<\/strong>, el grupo de padres y madres aficionados a la moto os <strong>proponemos ir a La Vid para procesionar, honrar y adorar a la Virgen, con nuestras motos<\/strong>.<\/p>\n<p><img loading=\"lazy\" decoding=\"async\" class=\"alignnone size-full wp-image-4914\" src=\"https:\/\/apabuenconsejo-madrid.es\/wp-content\/uploads\/2023\/05\/imagen2.png\" alt=\"Imagen2\" width=\"299\" height=\"169\" \/> <img loading=\"lazy\" decoding=\"async\" class=\"alignnone size-full wp-image-4913\" src=\"https:\/\/apabuenconsejo-madrid.es\/wp-content\/uploads\/2023\/05\/imagen1.png\" alt=\"Imagen1\" width=\"302\" height=\"169\" \/><\/p>\n<p>Al programa oficial de la <strong>\u201cMarcha Mariana\u201d<\/strong> os proponemos a\u00f1adir la estancia en el albergue del Monasterio para pasar all\u00ed la noche del <strong>s\u00e1bado 3 de junio<\/strong> con el siguiente programa:<\/p>\n<h2><strong>PROGRAMA<\/strong><\/h2>\n<h2><strong><u>D\u00eda 3 de junio<\/u><\/strong><\/h2>\n<p><strong>7:45H<\/strong><strong> &gt;<\/strong> Reuni\u00f3n del Grupo en la entrada de <strong>Aravaca y Oraci\u00f3n en la Capilla<\/strong><\/p>\n<p><strong>8:00H<\/strong> <strong>&gt;<\/strong> Salida del grupo con reuni\u00f3n en el <strong>Puerto de Somosierra<\/strong>, para desde all\u00ed, continuar por la amena y pintoresca <strong>N &#8211; 110<\/strong><\/p>\n<p><strong>10:00H <\/strong><strong>&gt;<\/strong> Reuni\u00f3n en <strong>Pe\u00f1aranda<\/strong> e inicio de la \u201c<strong>Marcha Mariana\u201d<\/strong> con el resto de las comunidades agustinianas en torno a la Virgen siguiendo el programa oficial del evento.<\/p>\n<p style=\"text-align: left\"><strong>20:00H<\/strong> <strong>&gt;<\/strong> <strong>Barbacoa<\/strong><\/p>\n<h2><strong><u>D\u00eda 4 de junio<\/u><\/strong><\/h2>\n<p><strong>8:00H <\/strong><strong>&gt;<\/strong> <strong>Desayuno<\/strong> (pendiente confirmaci\u00f3n)<\/p>\n<p><strong>10:00H <\/strong><strong>&gt; Oraci\u00f3n\/misa<\/strong><\/p>\n<p><strong>11:00H <\/strong><strong>&gt;<\/strong> <strong>Regreso a Madrid<\/strong><\/p>\n<ul>\n<li><strong>Es necesaria la inscripci\u00f3n y confirmaci\u00f3n para poder gestionar la pernocta en el albergue y el n\u00famero de padres que cenar\u00e1n en la barbacoa.<\/strong><\/li>\n<li><strong>Para pernoctar en el albergue es imprescindible llevar saco de dormir<\/strong><\/li>\n<li><strong>La actividad tiene un coste que ser\u00e1 sufragado por cada persona una vez que se determine el n\u00famero de apuntados y en funci\u00f3n de los gastos ocasionados en la misma (comida y bebida de la barbacoa, pernocta, desayuno\u2026)<\/strong><\/li>\n<li><strong>L\u00edmite para inscribirse <\/strong><strong>viernes 2 de junio 19:00 horas<\/strong><\/li>\n<\/ul>\n<p><strong>Ruta propuesta:<\/strong><\/p>\n<p><img loading=\"lazy\" decoding=\"async\" class=\"alignnone size-full wp-image-4916\" src=\"https:\/\/apabuenconsejo-madrid.es\/wp-content\/uploads\/2023\/05\/ruta.png\" alt=\"ruta\" width=\"231\" height=\"336\" \/><\/p>\n<ul>\n<li><strong>Fecha<\/strong>: <strong>s\u00e1bado 3 de junio de 2023<\/strong><\/li>\n<li><strong>INSCRIPCI\u00d3N: Online en el siguiente enlace:<\/strong><\/li>\n<\/ul>\n<h2 style=\"text-align: center\"><a href=\"https:\/\/bit.ly\/MMARIANAMOTERAAPACBC\"><strong>https:\/\/bit.ly\/MarchaMarianaMoteraApaCBC<\/strong><\/a><\/h2>\n<p>\u00a0<\/p>\n<p>\u00a0<\/p>\n<p>Cordiales saludos\u00a0\u00a0\u00a0\u00a0\u00a0\u00a0\u00a0\u00a0\u00a0\u00a0\u00a0\u00a0\u00a0\u00a0\u00a0\u00a0\u00a0\u00a0\u00a0\u00a0\u00a0\u00a0\u00a0\u00a0\u00a0\u00a0\u00a0\u00a0\u00a0\u00a0\u00a0\u00a0\u00a0\u00a0\u00a0\u00a0\u00a0\u00a0\u00a0\u00a0\u00a0\u00a0 <strong>Vocal\u00eda de Pastoral APA CBC<\/strong><\/p>\n<p>\u00a0<\/p>\n<p>\u00a0<\/p>\n\n\n<h1 class=\"wp-block-heading has-text-align-center\"><strong>\u00a1I ROMER\u00cdA MOTERA AGUSTINIANA!<\/strong><\/h1>\n\n\n\n<p class=\"has-medium-font-size\" style=\"line-height:1.7\">Estimadas familias,\nLa Asociaci\u00f3n de Padres y Madres del Colegio os propone una actividad \u00fanica, si te gusta la moto y reuniones con amigos con la misma afici\u00f3n, y piensas que el esp\u00edritu motero puede ayudarnos tambi\u00e9n en nuestra espiritualidad cristiana vivida en comunidad, te damos la bienvenida a formar parte de este grupo, que anuncia su primera salida:<\/p>\n\n\n<div class=\"wp-block-image\">\n<figure class=\"aligncenter size-large is-resized\"><a href=\"https:\/\/apabuenconsejo-madrid.es\/wp-content\/uploads\/2023\/04\/captura-de-pantalla-2023-04-25-143731.png\"><img loading=\"lazy\" decoding=\"async\" src=\"https:\/\/apabuenconsejo-madrid.es\/wp-content\/uploads\/2023\/04\/captura-de-pantalla-2023-04-25-143731.png?w=269\" alt=\"\" class=\"wp-image-4867\" width=\"430\" height=\"320\" \/><\/a><\/figure><\/div>\n\n\n<p class=\"has-medium-font-size\"><strong>PROGRAMA<\/strong><\/p>\n\n\n\n<ul class=\"wp-block-list\">\n<li class=\"has-medium-font-size\"><strong>9:30h:<\/strong> Reuni\u00f3n del Grupo en la entrada de Aravaca<\/li>\n\n\n\n<li class=\"has-medium-font-size\"><strong>9:45h:<\/strong> Oraci\u00f3n en la Capilla<\/li>\n\n\n\n<li class=\"has-medium-font-size\"><strong>10:00h:<\/strong> Salida<\/li>\n\n\n\n<li class=\"has-medium-font-size\"><strong>11:00h:<\/strong> Reuni\u00f3n en el bar motero del Puerto de la Cruz verde<\/li>\n\n\n\n<li class=\"has-medium-font-size\"><strong>12:00h:<\/strong> Visita al Monasterio de El Escorial<\/li>\n\n\n\n<li class=\"has-medium-font-size\"><strong>13:00h:<\/strong> Salida vuelta a Madrid<\/li>\n\n\n\n<li class=\"has-medium-font-size\"><strong>14:30h:<\/strong> Comida (opcional) en bar cercano al Colegio<\/li>\n<\/ul>\n\n\n\n<figure class=\"wp-block-image size-large\"><a href=\"https:\/\/apabuenconsejo-madrid.es\/wp-content\/uploads\/2023\/04\/captura-de-pantalla-2023-04-25-143801.png\"><img decoding=\"async\" src=\"https:\/\/apabuenconsejo-madrid.es\/wp-content\/uploads\/2023\/04\/captura-de-pantalla-2023-04-25-143801.png?w=304\" alt=\"\" class=\"wp-image-4868\" \/><\/a><\/figure>\n\n\n\n<h2 class=\"wp-block-heading has-blue-color has-text-color has-large-font-size\">Fecha: <strong>s\u00e1bado 29 de abril de 2023<\/strong><\/h2>\n\n\n\n<p class=\"has-text-align-center has-medium-font-size\" style=\"line-height:1.7\">INSCRIPCI\u00d3N: <strong>Online en el siguiente enlace:<\/strong><\/p>\n\n\n\n<p class=\"has-text-align-center has-blue-color has-text-color has-large-font-size\" style=\"line-height:1.7\">\nhttps:\/\/bit.ly\/Romer\u00edaMoteraAPA-CBC<\/p>\n\n\n\n<\/h2>\n<h2>\n\n\n\n<p class=\"has-medium-font-size\"><strong>Vocal\u00eda de Pastoral APA CBC<\/strong><\/p>\n\n\n<h2><\/h2>\n<h2><\/h2>\n<h2><strong><span style=\"color: #0000ff\"><em>CURSO NUEVO TESTAMENTO 2017-2018<\/em><\/span><\/strong><\/h2>\n<p><span style=\"color: #000000\">Desde el departamento de pastoral del colegio nos ofrecen la posibilidad de participar en un curso sobre Nuevo Testamento durante <strong>una tarde de mi\u00e9rcoles al mes, de 17.30 a 19.00h<\/strong>. Es una interesante formaci\u00f3n <a href=\"https:\/\/apabuenconsejo-madrid.es\/wp-content\/uploads\/2013\/08\/2017-nt-cbc-1.jpg\"><img loading=\"lazy\" decoding=\"async\" class=\"size-medium wp-image-2427 alignright\" src=\"https:\/\/apabuenconsejo-madrid.es\/wp-content\/uploads\/2013\/08\/2017-nt-cbc-1.jpg?w=212\" alt=\"\" width=\"212\" height=\"300\"><\/a>para cultivar nuestra fe y conocer sus fundamentos b\u00edblicos. Est\u00e1is todos invitados. Ojal\u00e1 os anim\u00e9is muchos. las fechas previstas son:<br>\n2017<br>\n<strong>11 de octubre<\/strong>: El Jes\u00fas hist\u00f3rico y el Cristo de la fe.<br>\n<strong>8 de noviembre<\/strong>: Las comidas de Jes\u00fas y el banquete del Reino<br>\n<strong>13 de diciembre<\/strong>: Los relatos de la infancia<br>\n2018<br>\n<strong>10 de enero<\/strong>: El tacto de Jes\u00fas y los milagros<br>\n<strong>14 de febrero<\/strong>: Las cartas de Pablo y el corpus paulino<br>\n<\/span><\/p>\n<p><span style=\"color: #000000\">El curso est\u00e1 <strong>a cargo de&nbsp;Do\u00f1a Inmaculada Rodr\u00edguez Torn\u00e9 Dra. en Filolog\u00eda B\u00edblica<\/strong>, Univ. Complutense, Madrid; reconocida especialista en el tema.<\/span><\/p>\n<p><span style=\"color: #000000\">Os recordamos que, por el gran inter\u00e9s que tenemos en la Asociaci\u00f3n por la catequesis de nuestros hijos, desde la APA financiamos parte de las actividades de formaci\u00f3n de Pastoral.<\/span><\/p>\n<p><em><span style=\"color: #0000ff;text-decoration: underline\">CAMPA\u00d1A DE RECOGIDA DE SELLOS USADOS<\/span><\/em><\/p>\n<p><span style=\"color: #000000\">Dejadnos los&nbsp;sellos usados en un sobre en la oficina de la APA, y los haremos llegar al&nbsp;Centro Misionero Ad Gentes,&nbsp;dependiente de la Delegaci\u00f3n Episcopal de Misiones de Madrid.<\/span><br>\n<span style=\"color: #000000\"> All\u00ed los seleccionan, limpian, empaquetan y venden&nbsp;a coleccionistas, destinando el dinero a las Misiones.<\/span><br>\n<span style=\"color: #000000\"> \u00a1Ah! Dejad un espacio alrededor de los sellos; no los despegu\u00e9is de los sobres.<\/span><\/p>\n<p><strong><span style=\"color: #0000ff\">CAMPA\u00d1AS CBC Curso 2013-2014<\/span><\/strong><\/p>\n<p><span style=\"color: #000000\">Desde la Asociaci\u00f3n de Padres nos sentimos muy orgullosos de la generosidad de nuestras familias, por eso queremos compartir el resumen de las campa\u00f1as realizadas en el colegio, as\u00ed como la carta de agradecimiento del P. Alejandro Moral Ant\u00f3n, P. General de la Orden de S. Agust\u00edn por nuestra colaboraci\u00f3n en el Proyecto \u00abCONGO OSA\u00bb..<\/span>..<a title=\"Carta P.Alejandro\" href=\"https:\/\/apabuenconsejo-madrid.es\/wp-content\/uploads\/2014\/06\/carta-general-osa-congo-2014.pdf\" target=\"_blank\" rel=\"noopener\">LEER MAS<\/a><\/p>\n<p><a href=\"http:\/\/apabuenconsejo-madrid.es\/wp-content\/uploads\/2014\/06\/padre-alejandro_page_1.png\"><img loading=\"lazy\" decoding=\"async\" class=\"alignleft wp-image-1059 size-thumbnail\" src=\"http:\/\/apabuenconsejo-madrid.es\/wp-content\/uploads\/2014\/06\/padre-alejandro_page_1.png?w=120\" alt=\"padre alejandro_Page_1\" width=\"120\" height=\"150\"><\/a><\/p>\n<p><span style=\"color: #000000\"><a href=\"http:\/\/apabuenconsejo-madrid.es\/wp-content\/uploads\/2014\/06\/foto-proyecto-del-cbc-congo-osa-2014.jpg\"><img loading=\"lazy\" decoding=\"async\" class=\"alignright wp-image-1056 size-thumbnail\" src=\"http:\/\/apabuenconsejo-madrid.es\/wp-content\/uploads\/2014\/06\/foto-proyecto-del-cbc-congo-osa-2014.jpg?w=150\" alt=\"FOTO - Proyecto del CBC 'CONGO-OSA' 2014\" width=\"150\" height=\"98\"><\/a><a title=\"Proyecto CBC CONGO-OSA\" href=\"https:\/\/apabuenconsejo-madrid.es\/wp-content\/uploads\/2014\/06\/proyecto-del-cbc-congo-osa-2014.pdf\" target=\"_blank\" rel=\"noopener\">Proyecto \u00abCONGO OSA\u00bb: <\/a>Campa\u00f1a de<br>\nRehabilitaci\u00f3n de los techos y adquisici\u00f3n de camas para el Juvenat (casa de formaci\u00f3n\/seminario de la Orden de San Agust\u00edn en el CONGO)<\/span><\/p>\n<p><a href=\"http:\/\/apabuenconsejo-madrid.es\/wp-content\/uploads\/2014\/06\/total-campac3b1as-cbc-13-14-web.png\"><img loading=\"lazy\" decoding=\"async\" class=\"alignnone wp-image-1055\" src=\"http:\/\/apabuenconsejo-madrid.es\/wp-content\/uploads\/2014\/06\/total-campac3b1as-cbc-13-14-web.png?w=210\" alt=\"TOTAL CAMPA\u00d1AS CBC (13-14-web)\" width=\"300\" height=\"427\"><\/a><\/p>","protected":false},"excerpt":{"rendered":"<p>\u00a1I MARCHA \u201cMARIANA\u201d MOTERA! Estimadas familias, \u00a0\u00a0\u00a0\u00a0\u00a0\u00a0\u00a0\u00a0\u00a0\u00a0\u00a0 La Asociaci\u00f3n de Padres y Madres del Colegio os vuelve a proponer una salida en Moto. Con ocasi\u00f3n de la \u201cMarcha Mariana\u201d que reunir\u00e1 comunidades agustinianas de toda Espa\u00f1a, el grupo de padres &hellip; <a href=\"https:\/\/apacbc.es\/apahistorico\/pastoral\/actividades-en-curso\/\">Sigue leyendo <span class=\"meta-nav\">&rarr;<\/span><\/a><\/p>\n","protected":false},"author":1,"featured_media":0,"parent":71,"menu_order":51,"comment_status":"closed","ping_status":"closed","template":"","meta":{"footnotes":""},"class_list":["post-198","page","type-page","status-publish","hentry"],"_links":{"self":[{"href":"https:\/\/apacbc.es\/apahistorico\/wp-json\/wp\/v2\/pages\/198"}],"collection":[{"href":"https:\/\/apacbc.es\/apahistorico\/wp-json\/wp\/v2\/pages"}],"about":[{"href":"https:\/\/apacbc.es\/apahistorico\/wp-json\/wp\/v2\/types\/page"}],"author":[{"embeddable":true,"href":"https:\/\/apacbc.es\/apahistorico\/wp-json\/wp\/v2\/users\/1"}],"replies":[{"embeddable":true,"href":"https:\/\/apacbc.es\/apahistorico\/wp-json\/wp\/v2\/comments?post=198"}],"version-history":[{"count":0,"href":"https:\/\/apacbc.es\/apahistorico\/wp-json\/wp\/v2\/pages\/198\/revisions"}],"up":[{"embeddable":true,"href":"https:\/\/apacbc.es\/apahistorico\/wp-json\/wp\/v2\/pages\/71"}],"wp:attachment":[{"href":"https:\/\/apacbc.es\/apahistorico\/wp-json\/wp\/v2\/media?parent=198"}],"curies":[{"name":"wp","href":"https:\/\/api.w.org\/{rel}","templated":true}]}}