{"id":23,"date":"2013-05-02T21:24:53","date_gmt":"2013-05-02T21:24:53","guid":{"rendered":"http:\/\/apacbc.wordpress.com\/?page_id=23"},"modified":"2013-05-02T21:24:53","modified_gmt":"2013-05-02T21:24:53","slug":"quienes-somos","status":"publish","type":"page","link":"https:\/\/apacbc.es\/apahistorico\/quienes-somos\/","title":{"rendered":"Quienes somos"},"content":{"rendered":"<p><span style=\"color:#000000;\">\u00a0La Asociaci\u00f3n de Padres del Colegio Nuestra Se\u00f1ora del Buen Consejo, es una asociaci\u00f3n formada por los padres, madres o tutores legales de los alumnos matriculados en el Centro Escolar, debiendo manifestar su deseo de pertenecer a la Asociaci\u00f3n, aceptando expresamente los Estatutos de la misma y contribuyendo con el pago de la cuota establecida.<\/span><br \/><span style=\"color:#000000;\"> Sus\u00a0\u00d3rganos de Gobierno son:<\/span><\/p>\n<ol>\n<li><span style=\"color:#000000;\">La <strong>ASAMBLEA GENERAL<\/strong> que se re\u00fane con car\u00e1cter ordinario al menos una vez al a\u00f1o y est\u00e1 abierta a todos los padres pertenecientes al APA.<\/span><\/li>\n<li><span style=\"color:#000000;\">La <strong>JUNTA DIRECTIVA<\/strong> que es la encargada de administrar y dirigir las actividades de la Asociaci\u00f3n. Se re\u00fane normalmente una vez al mes.<\/span><\/li>\n<\/ol>\n<p style=\"text-align:center;\"><strong><span style=\"color:#0000ff;\"><u>ASAMBLEA GENERAL ORDINARIA<br \/><\/u>20 de octubre de 2022\u00a0 \u00a0&#8211; \u00a0 Sala de Audiovisuales del Colegio<\/span><\/strong><\/p>\n<p>Por indicaci\u00f3n de nuestra Presidenta, se ha celebrado en segunda convocatoria la Asamblea General Ordinaria de la APA del Colegio Nuestra Sra. del Buen Consejo en el lugar y fecha arriba indicados.<\/p>\n<p>Los temas tratados y documentaci\u00f3n asociada son:<\/p>\n<ol>\n<li><span style=\"color:#000000;\">Acta de la <a href=\"https:\/\/apabuenconsejo-madrid.es\/wp-content\/uploads\/2022\/10\/acta-asamblea-general-ordinaria_apa_11_11_2021.pdf\" target=\"_blank\" rel=\"noopener\">Asamblea anterior<\/a><br \/><\/span><\/li>\n<li><span style=\"color:#000000;\">Informe de las <a href=\"https:\/\/apabuenconsejo-madrid.es\/wp-content\/uploads\/2022\/10\/memoria-actividades-2021-2022.pdf\" target=\"_blank\" rel=\"noopener\">actividades realizadas en el Curso 2021\u20102022<\/a><\/span><\/li>\n<li><span style=\"color:#000000;\">Liquidaci\u00f3n del <\/span><a href=\"https:\/\/apabuenconsejo-madrid.es\/wp-content\/uploads\/2022\/10\/presupuesto-apa-1.png\" target=\"_blank\" rel=\"noopener\"><span style=\"color:#000000;\">Presupuesto del curso 2021\u20102022<\/span><\/a><\/li>\n<li><a href=\"https:\/\/apabuenconsejo-madrid.es\/wp-content\/uploads\/2022\/10\/presupuesto-apa-cbc-2022-2023-asamblea-r.0-2.pdf\" target=\"_blank\" rel=\"noopener\"><span style=\"color:#000000;\">Presupuesto General para el curso 2022\u20102023<\/span><\/a><\/li>\n<li><span style=\"color:#000000;\">Informe econ\u00f3mico <a href=\"https:\/\/apabuenconsejo-madrid.es\/wp-content\/uploads\/2022\/10\/resumen-para-asamblea-22.pdf\" target=\"_blank\" rel=\"noopener\">Teatro Los Miserables CBC<\/a><\/span><\/li>\n<li><span style=\"color:#000000;\">Renovaci\u00f3n de los miembros de la <a href=\"https:\/\/apabuenconsejo-madrid.es\/quienes-somos\/junta-directiva\/\" target=\"_blank\" rel=\"noopener\">Junta Directiva<\/a><\/span><\/li>\n<li><span style=\"color:#000000;\">Ruegos y preguntas<\/span><\/li>\n<\/ol>\n<p><span style=\"color:#000000;\">El Secretario,<br \/>D. Jos\u00e9 Vicente Amador S\u00e1nchez-Aparicio<br \/><\/span><\/p>\n\n\n<p>&nbsp;<\/p>\n","protected":false},"excerpt":{"rendered":"<p>\u00a0La Asociaci\u00f3n de Padres del Colegio Nuestra Se\u00f1ora del Buen Consejo, es una asociaci\u00f3n formada por los padres, madres o tutores legales de los alumnos matriculados en el Centro Escolar, debiendo manifestar su deseo de pertenecer a la Asociaci\u00f3n, aceptando &hellip; <a href=\"https:\/\/apacbc.es\/apahistorico\/quienes-somos\/\">Sigue leyendo <span class=\"meta-nav\">&rarr;<\/span><\/a><\/p>\n","protected":false},"author":1,"featured_media":0,"parent":0,"menu_order":20,"comment_status":"closed","ping_status":"open","template":"","meta":{"footnotes":""},"class_list":["post-23","page","type-page","status-publish","hentry"],"_links":{"self":[{"href":"https:\/\/apacbc.es\/apahistorico\/wp-json\/wp\/v2\/pages\/23"}],"collection":[{"href":"https:\/\/apacbc.es\/apahistorico\/wp-json\/wp\/v2\/pages"}],"about":[{"href":"https:\/\/apacbc.es\/apahistorico\/wp-json\/wp\/v2\/types\/page"}],"author":[{"embeddable":true,"href":"https:\/\/apacbc.es\/apahistorico\/wp-json\/wp\/v2\/users\/1"}],"replies":[{"embeddable":true,"href":"https:\/\/apacbc.es\/apahistorico\/wp-json\/wp\/v2\/comments?post=23"}],"version-history":[{"count":0,"href":"https:\/\/apacbc.es\/apahistorico\/wp-json\/wp\/v2\/pages\/23\/revisions"}],"wp:attachment":[{"href":"https:\/\/apacbc.es\/apahistorico\/wp-json\/wp\/v2\/media?parent=23"}],"curies":[{"name":"wp","href":"https:\/\/api.w.org\/{rel}","templated":true}]}}