{"id":5485,"date":"2024-04-17T19:18:22","date_gmt":"2024-04-17T17:18:22","guid":{"rendered":"https:\/\/apabuenconsejo-madrid.es\/?page_id=5485"},"modified":"2024-04-17T19:18:22","modified_gmt":"2024-04-17T17:18:22","slug":"fiestas-cbc-2024","status":"publish","type":"page","link":"https:\/\/apacbc.es\/apahistorico\/fiestas-cbc-2024\/","title":{"rendered":"FIESTAS CBC 2024"},"content":{"rendered":"\n<h2 class=\"wp-block-heading has-text-align-center has-blue-color has-text-color has-link-color has-large-font-size wp-elements-b3462f0288d4b99ff67c1f419c397224\">CONCURSO DE REPOSTERIA<\/h2>\n\n\n<div class=\"wp-block-image\">\n<figure class=\"aligncenter size-large is-resized\"><a href=\"https:\/\/apabuenconsejo-madrid.es\/wp-content\/uploads\/2024\/04\/concurso-reposteria-fiestas-cbc-2024.pdf\"><img decoding=\"async\" src=\"https:\/\/apabuenconsejo-madrid.es\/wp-content\/uploads\/2024\/04\/captura-de-pantalla-2024-04-22-161253.png?w=613\" alt=\"\" class=\"wp-image-5560\" style=\"width:526px;height:auto\" \/><\/a><\/figure><\/div>\n\n\n<p>Lleva tus postres al KIOSCO DE LA SOLIDARIDAD <strong><mark style=\"background-color:#f1f1f1\" class=\"has-inline-color has-blue-color\">a partir del jueves 25 a las 15 h.<\/mark><\/strong><\/p>\n\n\n\n<p>IMPORTANTE: Acompa\u00f1ar etiqueta de productos utilizados que causen alergias e intolerancias, por favor. <\/p>\n\n\n\n<p>Lo recaudado se destinar\u00e1 \u00edntegramente a un proyecto solidario de REDA.<\/p>\n\n\n\n<div class=\"wp-block-file aligncenter\"><a id=\"wp-block-file--media-4fc7ce7b-8948-42e6-8afc-e9c08a66df80\" href=\"https:\/\/apabuenconsejo-madrid.es\/wp-content\/uploads\/2024\/04\/concurso-reposteria-fiestas-cbc-2024.pdf\"><strong>concurso-reposteria-fiestas-cbc-2024<\/strong><\/a><a href=\"https:\/\/apabuenconsejo-madrid.es\/wp-content\/uploads\/2024\/04\/concurso-reposteria-fiestas-cbc-2024.pdf\" class=\"wp-block-file__button wp-element-button\" download aria-describedby=\"wp-block-file--media-4fc7ce7b-8948-42e6-8afc-e9c08a66df80\">Descarga<\/a><\/div>\n\n\n\n<hr class=\"wp-block-separator has-text-color has-blue-color has-alpha-channel-opacity has-blue-background-color has-background is-style-wide\" \/>\n\n\n\n<h2 class=\"wp-block-heading has-text-align-center has-blue-color has-text-color has-link-color has-large-font-size wp-elements-2086aef2ae85ef880af7f85f18c8c1a2\">COMIDA DE LAS FAMILIAS<\/h2>\n\n\n<div class=\"wp-block-image\">\n<figure class=\"aligncenter size-large\"><a href=\"https:\/\/apabuenconsejo-madrid.es\/wp-content\/uploads\/2024\/04\/comida-familias-fiestas-cbc-2024.pdf\"><img decoding=\"async\" src=\"https:\/\/apabuenconsejo-madrid.es\/wp-content\/uploads\/2024\/04\/captura-de-pantalla-2024-04-22-160330.png?w=898\" alt=\"\" class=\"wp-image-5547\" \/><\/a><\/figure><\/div>\n\n\n<p>Como cada a\u00f1o, compartiremos los deliciosos platos que cada familia lleve . La APA invitar\u00e1 a los refrescos.<\/p>\n\n\n\n<p class=\"has-text-align-center has-blue-color has-light-gray-background-color has-text-color has-background has-link-color has-medium-font-size wp-elements-6c2a5d4e39c85b2091412ff2d1fa69b6\">SABADO 27 de ABRIL, a las 14:00 horas<\/p>\n\n\n\n<p>Despu\u00e9s de comer:<\/p>\n\n\n\n<ul class=\"wp-block-list\">\n<li>Cine infantil 16:00 horas<\/li>\n\n\n\n<li>Torneo de mus 16:15 horas<\/li>\n<\/ul>\n\n\n\n<div class=\"wp-block-file aligncenter\"><a id=\"wp-block-file--media-e0dce563-428e-4a07-a401-af8ac11ed1f6\" href=\"https:\/\/apabuenconsejo-madrid.es\/wp-content\/uploads\/2024\/04\/comida-familias-fiestas-cbc-2024.pdf\">comida-familias-fiestas-cbc-2024<\/a><a href=\"https:\/\/apabuenconsejo-madrid.es\/wp-content\/uploads\/2024\/04\/comida-familias-fiestas-cbc-2024.pdf\" class=\"wp-block-file__button wp-element-button\" download aria-describedby=\"wp-block-file--media-e0dce563-428e-4a07-a401-af8ac11ed1f6\">Descarga<\/a><\/div>\n\n\n\n<hr class=\"wp-block-separator has-text-color has-blue-color has-alpha-channel-opacity has-blue-background-color has-background is-style-wide\" \/>\n\n\n\n<h2 class=\"wp-block-heading has-text-align-center has-blue-color has-text-color has-link-color has-large-font-size wp-elements-ed44e5294372d777a76365597349c694\">GINCANA FAMILIAR<\/h2>\n\n\n\n<figure class=\"wp-block-image size-large\"><a href=\"https:\/\/apabuenconsejo-madrid.es\/wp-content\/uploads\/2024\/04\/gincana-fiestas-2024.pdf\"><img decoding=\"async\" src=\"https:\/\/apabuenconsejo-madrid.es\/wp-content\/uploads\/2024\/04\/captura-de-pantalla-2024-04-17-202924.png?w=1024\" alt=\"\" class=\"wp-image-5528\" \/><\/a><\/figure>\n\n\n\n<p>Os esperamos el pr\u00f3ximo s\u00e1bado<strong>&nbsp;27 de abril de 11:00 a 13:00<\/strong>&nbsp;horas para celebrar todos juntos las<strong>&nbsp;fiestas de nuestro colegio&nbsp;<\/strong>participando en la&nbsp;<strong>\u00abGINCANA FAMILIAR\u00bb<\/strong><\/p>\n\n\n\n<p>Grupos de 6 a 8 personas. Ap\u00fantate de forma individual y te asignaremos grupo, o en un grupo ya formado. Edad m\u00ednima de 5 a\u00f1os.<\/p>\n\n\n\n<p class=\"has-text-align-center\"><a href=\"https:\/\/bit.ly\/APA-CBC-gincanafiestas2024\">\u00a1NO TE LO PIERDAS! \u00a1AP\u00daNTANTE AQU\u00cd!<\/a><\/p>\n\n\n\n<div class=\"wp-block-file aligncenter\"><a id=\"wp-block-file--media-983e90eb-c3ef-454e-928c-f9f246d6b22a\" href=\"https:\/\/apabuenconsejo-madrid.es\/wp-content\/uploads\/2024\/04\/gincana-fiestas-2024.pdf\"><strong>gincana-fiestas-2024<\/strong><\/a><a href=\"https:\/\/apabuenconsejo-madrid.es\/wp-content\/uploads\/2024\/04\/gincana-fiestas-2024.pdf\" class=\"wp-block-file__button wp-element-button\" download aria-describedby=\"wp-block-file--media-983e90eb-c3ef-454e-928c-f9f246d6b22a\">Descarga<\/a><\/div>\n\n\n\n<hr class=\"wp-block-separator has-text-color has-blue-color has-alpha-channel-opacity has-blue-background-color has-background is-style-wide\" \/>\n\n\n\n<h2 class=\"wp-block-heading has-text-align-center has-blue-color has-text-color has-link-color has-large-font-size wp-elements-07110c48310eafd17465c1016385c317\">ORGANIZANDO LAS FIESTAS CBC 2024<\/h2>\n\n\n\n<p>\u00a1Ya est\u00e1n aqu\u00ed nuestras fiestas!<br>Vamos a trabajar todos juntos por conseguir que sean las mejores de la historia.<br>\u00bfQuieres formar parte del equipo que lo va a hacer posible?<\/p>\n\n\n<div class=\"wp-block-image\">\n<figure class=\"aligncenter size-medium\"><a href=\"https:\/\/apabuenconsejo-madrid.es\/wp-content\/uploads\/2024\/04\/fiestas-cbc-colaboradores-.pdf\"><img decoding=\"async\" src=\"https:\/\/apabuenconsejo-madrid.es\/wp-content\/uploads\/2024\/04\/captura-de-pantalla-2024-04-17-200457.png?w=300\" alt=\"\" class=\"wp-image-5520\" \/><\/a><\/figure><\/div>\n\n\n<p>Si quieres ser una pieza fundamental de este equipo, <a href=\"https:\/\/docs.google.com\/forms\/d\/e\/1FAIpQLScHQdxg2TqSnHwWAlWgyw8LJI2yi-kWsmy18D2Bdd1UblpJTA\/viewform\">SIGUE EL ENLACE<\/a>.<\/p>\n\n\n\n<div class=\"wp-block-file aligncenter\"><a id=\"wp-block-file--media-b591d45a-2146-41de-a7b0-15830132b492\" href=\"https:\/\/apabuenconsejo-madrid.es\/wp-content\/uploads\/2024\/04\/fiestas-cbc-colaboradores-.pdf\" target=\"_blank\" rel=\"noreferrer noopener\"><strong>fiestas-cbc-colaboradores-<\/strong><\/a><a href=\"https:\/\/apabuenconsejo-madrid.es\/wp-content\/uploads\/2024\/04\/fiestas-cbc-colaboradores-.pdf\" class=\"wp-block-file__button wp-element-button\" download aria-describedby=\"wp-block-file--media-b591d45a-2146-41de-a7b0-15830132b492\">Descarga<\/a><\/div>\n\n\n\n<hr class=\"wp-block-separator has-text-color has-blue-color has-alpha-channel-opacity has-blue-background-color has-background is-style-wide\" \/>\n\n\n\n<h2 class=\"wp-block-heading has-text-align-center has-blue-color has-text-color has-link-color has-large-font-size wp-elements-0c839ec4bbb9173907f4c88aba73fc5a\">XVII FERIA DEL LIBRO SOLIDARIO<\/h2>\n\n\n\n<p>Con motivo de las Fiestas del Colegio, la Asociaci\u00f3n de Padres, organiza la<br><strong>XVII FERIA DEL LIBRO SOLIDARIO<\/strong><\/p>\n\n\n<div class=\"wp-block-image\">\n<figure class=\"aligncenter size-medium\"><a href=\"https:\/\/apabuenconsejo-madrid.es\/wp-content\/uploads\/2024\/04\/xvii-feria-del-libro-solidario-.pdf\"><img decoding=\"async\" src=\"https:\/\/apabuenconsejo-madrid.es\/wp-content\/uploads\/2024\/04\/bibliotecasolidaria-1-2808122225-e1713375763293.jpg?w=300\" alt=\"\" class=\"wp-image-5500\" \/><\/a><\/figure><\/div>\n\n\n<p class=\"has-text-align-left\">Pedimos vuestra colaboraci\u00f3n mediante la entrega de libros infantiles y juveniles (NO DE TEXTO NI ENCICLOPEDIAS), que estando EN BUEN ESTADO, ya no sean usados por vuestros hijos.<\/p>\n\n\n\n<p class=\"has-text-align-left\">En los vest\u00edbulos de Infantil, Primaria y ESO encontrar\u00e9is unos contenedores donde pod\u00e9is depositar los libros.<\/p>\n\n\n\n<p class=\"has-text-align-left\">Los pondremos a un precio simb\u00f3lico de 1,2 o 3 Euros y la recaudaci\u00f3n se destinar\u00e1 \u00edntegramente para proyectos solidarios de la ONG Agustiniana REDA.<\/p>\n\n\n\n<p class=\"has-text-align-center has-blue-color has-light-gray-background-color has-text-color has-background has-link-color wp-elements-c278a5da63a9e881ad6fafa5e620adf3\"><strong>LUGAR:&nbsp;BIBLIOTECA&nbsp;(Entrada por el Patio)<br>HORARIO: Jueves 25, viernes 26 y s\u00e1bado 27 de abril \u2192 de&nbsp;18 a 21 h<\/strong><\/p>\n\n\n\n<div class=\"wp-block-file aligncenter\"><a id=\"wp-block-file--media-e27cc671-bea8-454a-9b63-b5cf8623a2bf\" href=\"https:\/\/apabuenconsejo-madrid.es\/wp-content\/uploads\/2024\/04\/xvii-feria-del-libro-solidario-.pdf\" target=\"_blank\" rel=\"noreferrer noopener\"><span class=\"uppercase\"><strong>xvii-feria-del-libro-solidario-<\/strong><\/span><\/a><a href=\"https:\/\/apabuenconsejo-madrid.es\/wp-content\/uploads\/2024\/04\/xvii-feria-del-libro-solidario-.pdf\" class=\"wp-block-file__button wp-element-button\" download aria-describedby=\"wp-block-file--media-e27cc671-bea8-454a-9b63-b5cf8623a2bf\">Descarga<\/a><\/div>\n","protected":false},"excerpt":{"rendered":"<p>CONCURSO DE REPOSTERIA Lleva tus postres al KIOSCO DE LA SOLIDARIDAD a partir del jueves 25 a las 15 h. IMPORTANTE: Acompa\u00f1ar etiqueta de productos utilizados que causen alergias e intolerancias, por favor. Lo recaudado se destinar\u00e1 \u00edntegramente a un &hellip; <a href=\"https:\/\/apacbc.es\/apahistorico\/fiestas-cbc-2024\/\">Sigue leyendo <span class=\"meta-nav\">&rarr;<\/span><\/a><\/p>\n","protected":false},"author":1,"featured_media":0,"parent":0,"menu_order":0,"comment_status":"closed","ping_status":"closed","template":"onecolumn-page.php","meta":{"footnotes":""},"class_list":["post-5485","page","type-page","status-publish","hentry"],"_links":{"self":[{"href":"https:\/\/apacbc.es\/apahistorico\/wp-json\/wp\/v2\/pages\/5485"}],"collection":[{"href":"https:\/\/apacbc.es\/apahistorico\/wp-json\/wp\/v2\/pages"}],"about":[{"href":"https:\/\/apacbc.es\/apahistorico\/wp-json\/wp\/v2\/types\/page"}],"author":[{"embeddable":true,"href":"https:\/\/apacbc.es\/apahistorico\/wp-json\/wp\/v2\/users\/1"}],"replies":[{"embeddable":true,"href":"https:\/\/apacbc.es\/apahistorico\/wp-json\/wp\/v2\/comments?post=5485"}],"version-history":[{"count":0,"href":"https:\/\/apacbc.es\/apahistorico\/wp-json\/wp\/v2\/pages\/5485\/revisions"}],"wp:attachment":[{"href":"https:\/\/apacbc.es\/apahistorico\/wp-json\/wp\/v2\/media?parent=5485"}],"curies":[{"name":"wp","href":"https:\/\/api.w.org\/{rel}","templated":true}]}}