{"id":71,"date":"2013-05-05T21:55:14","date_gmt":"2013-05-05T21:55:14","guid":{"rendered":"http:\/\/apacbc.wordpress.com\/?page_id=71"},"modified":"2013-05-05T21:55:14","modified_gmt":"2013-05-05T21:55:14","slug":"pastoral","status":"publish","type":"page","link":"https:\/\/apacbc.es\/apahistorico\/pastoral\/","title":{"rendered":"Pastoral"},"content":{"rendered":"<p><span style=\"color:#000000;\">La Vocal\u00eda de <\/span><strong>PASTORAL<\/strong><span style=\"color:#000000;\"> colabora en:<\/span><\/p>\n<p><span style=\"color:#000000;\">\u00b7 Formaci\u00f3n de <strong>catequistas<\/strong>.<\/span><br \/>\n<span style=\"color:#000000;\"> \u00b7 Ayuda a los grupos de <strong>Confirmaci\u00f3n y Post-comuni\u00f3n<\/strong>.<\/span><br \/>\n<span style=\"color:#000000;\"> \u00b7 Fiesta de las familias y ni\u00f1os de <strong>Primera Comuni\u00f3n<\/strong>.<\/span><br \/>\n<span style=\"color:#000000;\"> \u00b7 Se realizan <strong>actividades solidarias<\/strong> cuya recaudaci\u00f3n se destina \u00edntegramente a proyectos en misiones agustinianas: Rifa Navidad, bingo solidario, libro solidario, etc.<\/span><br \/>\n<span style=\"color:#000000;\"> \u00b7 <strong>Kiosco de la solidaridad<\/strong> en las Fiestas del colegio.<\/span><\/p>\n<p><strong><span style=\"color:#0000ff;\">APLICACIONES PARA MOVILES<\/span><\/strong><\/p>\n<p class=\"sc_item_title sc_title_title sc_align_center sc_item_title_style_default sc_item_title_tag\">Nace la App \u201c<strong>Agustinos<\/strong>\u201d, dirigida a j\u00f3venes, educadores y agentes de pastoral<\/p>\n<h3 class=\"vc_custom_heading vc_custom_1619512689085\">Disponible en Apple Store y Google Play, la nueva aplicaci\u00f3n de la Orden de San Agust\u00edn es una herramienta pastoral que nace para acompa\u00f1ar a las personas en su vida de fe desde la espiritualidad agustiniana.<img loading=\"lazy\" decoding=\"async\" class=\"alignnone size-full wp-image-4052\" src=\"https:\/\/apabuenconsejo-madrid.es\/wp-content\/uploads\/2021\/11\/app-agustinos.jpg\" alt=\"app agustinos\" width=\"1175\" height=\"312\" \/><\/h3>\n<div class=\"wpb_text_column wpb_content_element \">\n<div class=\"wpb_wrapper\">\n<p class=\"text-comparte-addthis\"><img loading=\"lazy\" decoding=\"async\" class=\"wp-image-4054 alignright\" src=\"https:\/\/apabuenconsejo-madrid.es\/wp-content\/uploads\/2021\/11\/screenshot_20211107-175359_agustinos.jpg\" alt=\"Screenshot_20211107-175359_Agustinos\" width=\"156\" height=\"347\" \/>El P. Jes\u00fas Ba\u00f1os, Consejero de Pastoral, Vocaciones, Misiones y Nueva Evangelizaci\u00f3n de la Provincia\u00a0de San Juan de Sahag\u00fan de Espa\u00f1a, es el m\u00e1ximo responsable de esta iniciativa, que est\u00e1 teniendo muy buena acogida entre los agentes de pastoral.<br \/>\nEste formato permite que las personas puedan tener un acceso \u00e1gil y din\u00e1mico a contenidos que ayudan a alimentar distintos aspectos de la fe: el Evangelio del D\u00eda, reflexiones sobre distintos temas de espiritualidad, cuestiones vocacionales, informaci\u00f3n de eventos, oraciones, desaf\u00edos, la realidad acerca de la Justicia y la Paz, de las misiones, as\u00ed como las actividades de las ONGs y Fundaciones vinculadas a la Orden de\u00a0<a href=\"https:\/\/www.agustinos.es\/orden-san-agustin\/san-agustin\" target=\"_blank\" rel=\"noopener noreferrer\">San Agust\u00edn<\/a>.<\/p>\n<\/div>\n<\/div>\n<p><span style=\"color:#000000;\"><a href=\"http:\/\/apabuenconsejo-madrid.es\/wp-content\/uploads\/2013\/10\/evangelizo.jpg\"><img loading=\"lazy\" decoding=\"async\" class=\"alignleft wp-image-403\" src=\"http:\/\/apabuenconsejo-madrid.es\/wp-content\/uploads\/2013\/10\/evangelizo.jpg\" alt=\"evangelizo\" width=\"163\" height=\"279\" srcset=\"https:\/\/apacbc.es\/apahistorico\/wp-content\/uploads\/2013\/10\/evangelizo.jpg 181w, https:\/\/apacbc.es\/apahistorico\/wp-content\/uploads\/2013\/10\/evangelizo-175x300.jpg 175w\" sizes=\"(max-width: 163px) 100vw, 163px\" \/><\/a><\/span><span style=\"color:#000000;\"><br \/>\nEl domingo 20 de octubre, d\u00eda del DOMUND, el P. Ildefonso nos permiti\u00f3 usar el m\u00f3vil en misa de 12; si,si, en misa. Nos ense\u00f1\u00f3 una aplicaci\u00f3n que creemos os puede interesar, se llama <strong>Evangelizo<\/strong>.<\/span><br \/>\n<span style=\"color:#000000;\">Desde la Vocal\u00eda de Pastoral de la APA, queremos recomend\u00e1rosla tambi\u00e9n; en ella podr\u00e9is leer el Evangelio y las lecturas de cada d\u00eda, en cualquier momento y en cualquier lugar (en el metro, en el autob\u00fas, mientras esperas en el m\u00e9dico, esperando a entrar en una reuni\u00f3n&#8230;); te ayudar\u00e1\u00a0a llevar el d\u00eda con m\u00e1s energ\u00eda y mejor \u00e1nimo.<\/span><\/p>\n<p><a href=\"http:\/\/apabuenconsejo-madrid.es\/wp-content\/uploads\/2013\/12\/missio.png\"><img loading=\"lazy\" decoding=\"async\" class=\"alignright size-thumbnail wp-image-604\" src=\"http:\/\/apabuenconsejo-madrid.es\/wp-content\/uploads\/2013\/12\/missio.png?w=150\" alt=\"Missio\" width=\"150\" height=\"150\" srcset=\"https:\/\/apacbc.es\/apahistorico\/wp-content\/uploads\/2013\/12\/missio.png 300w, https:\/\/apacbc.es\/apahistorico\/wp-content\/uploads\/2013\/12\/missio-150x150.png 150w\" sizes=\"(max-width: 150px) 100vw, 150px\" \/><\/a><span style=\"color:#000000;\">Una nueva aplicaci\u00f3n recomendada por el<\/span><span style=\"color:#000000;\"> P. Ildefonso, se llama <strong>Missio<\/strong>, lanzada por el Papa Francisco y creada por las Obras Misionales Pontificias, <strong>Missio<\/strong> es la aplicaci\u00f3n Cat\u00f3lica perfecta para mantenerse al d\u00eda sobre las \u00faltimas noticias del Vaticano y de todo el mundo, relacionadas con el catolicismo.<\/span><\/p>\n<h2><strong><span style=\"color:#0000ff;\">Escritos del P. Jos\u00e9 Mar\u00eda Fern\u00e1ndez Luengos<\/span><\/strong><\/h2>\n<p><span style=\"color:#000000;\">El P. Jos\u00e9 Mar\u00eda nacido en Corbillos de los Oteros (Le\u00f3n) en 1940, tristemente, nos dej\u00f3 el pasado 19 de octubre de 2016, y lo hizo con gran dignidad y entereza, poni\u00e9ndose en los brazos del Padre. Antes de irse escribi\u00f3 unos escritos los cuales publicamos aqu\u00ed como muestra de nuestro recuerdo y homenaje.<\/span><\/p>\n<ul>\n<li><span style=\"color:#0000ff;\">EL CIELO PUEDE ESPERAR\u00a0<span style=\"color:#000000;\">donde cuenta el comienzo de su \u201cV\u00eda crucis\u201d como llama \u00e9l a su enfermedad, y que termina un d\u00eda muy grande, el 8 de diciembre (d\u00eda de la Inmaculada) de 2014&#8230;.<a href=\"https:\/\/apabuenconsejo-madrid.es\/wp-content\/uploads\/2015\/12\/el-cielo-puedo-esperar-p-jose-mc2aa-fernc3a1ndez-luengos.pdf\" target=\"_blank\" rel=\"noopener\">LEER ESCRITO<\/a><\/span><\/span><\/li>\n<li><span style=\"color:#0000ff;\">TERCERA ETAPA<span style=\"color:#000000;\"> donde cuenta la evoluci\u00f3n de su enfermedad desde octubre de 2015 hasta agosto de 2016&#8230;<a href=\"https:\/\/apabuenconsejo-madrid.es\/wp-content\/uploads\/2016\/12\/tercera-etapa-p-josc3a9-mc2aa-fernc3a1ndez-luengos.pdf\" target=\"_blank\" rel=\"noopener\">LEER ESCRITO<\/a><\/span><\/span><\/li>\n<li><span style=\"color:#0000ff;\">RECUERDOS \u00a0<span style=\"color:#000000;\">peque\u00f1a biograf\u00eda donde relata las diferentes etapas de una larga vida&#8230;<a href=\"https:\/\/apabuenconsejo-madrid.es\/wp-content\/uploads\/2016\/12\/recuerdos-p-josc3a9-mc2aa-fernc3a1ndez-luengos.pdf\" target=\"_blank\" rel=\"noopener\">LEER ESCRITO<\/a><\/span><\/span><\/li>\n<\/ul>\n<p><span style=\"color:#000000;\"><strong>GRACIAS a ti P. JOS\u00c9 MAR\u00cdA por ese gran ejemplo de fuerza y por contagiarnos esas enormes ganas de vivir. Seguiremos rezando por ti. \u00a1\u00c1NIMO!<\/strong><\/span><\/p>\n<p><strong><span style=\"color:#0000ff;\">ORACION POR LOS HIJOS<\/span><\/strong><\/p>\n<p><span style=\"color:#000000;\">Es una oraci\u00f3n que el Papa Francisco ha puesto en facebook.<\/span><\/p>\n<p><span style=\"color:#000000;\">Ay\u00fadame Se\u00f1or a comprender a mis hijos, a escuchar pacientemente lo que quieren decirme, y a responderles todas sus preguntas con amabilidad.<br \/>\nEv\u00edtame que los interrumpa, que les dispute o contradiga.<br \/>\nHazme cort\u00e9s con ellos, para que ellos sean conmigo de igual manera.<br \/>\nDame el valor de confesar mis errores, y pedirles perd\u00f3n cuando comprenda que he cometido una falta.<br \/>\nImp\u00eddeme que lastime los sentimientos de mis hijos.<br \/>\nProh\u00edbeme que me r\u00eda de sus errores, o que recurra a la afrenta y a la burla como castigo.<br \/>\nNo me permitas que induzca a mis hijos a mentir o a robar.<br \/>\nGu\u00edame hora tras hora para que confirme, por lo que digo y hago, que la honestidad es fuente de felicidad.<br \/>\nModera, te ruego, la maldad en m\u00ed.<br \/>\nEv\u00edtame que los incomode, y cuando est\u00e9 malhumorada, ay\u00fadame, Dios m\u00edo, a callarme.<br \/>\nHazme ciega ante los peque\u00f1os errores de mis hijos, y aux\u00edliame a ver las cosas buenas que ellos hacen.<br \/>\nAy\u00fadame a tratar a mis hijos como ni\u00f1os de su edad, y no me permitas exigirles el juicio y convicciones de los adultos.<br \/>\nFac\u00faltame para no robarles la oportunidad de confiar en s\u00ed mismos, pensar, escoger o tomar decisiones.<br \/>\nOponte a que los castigue para satisfacer mi ego\u00edsmo.<br \/>\nSoc\u00f3rreme, para concederles todos los deseos que sean razonables, y ap\u00f3yame, para tener el valor de negarles las comodidades que yo comprendo que les har\u00e1n da\u00f1o.<br \/>\nHazme justa y ecu\u00e1nime, considerada y sociable para con mis hijos, de tal manera que ellos sientan todo mi amor. <\/span><\/p>\n<p><span style=\"color:#000000;\">Am\u00e9n.<\/span><\/p>\n","protected":false},"excerpt":{"rendered":"<p>La Vocal\u00eda de PASTORAL colabora en: \u00b7 Formaci\u00f3n de catequistas. \u00b7 Ayuda a los grupos de Confirmaci\u00f3n y Post-comuni\u00f3n. \u00b7 Fiesta de las familias y ni\u00f1os de Primera Comuni\u00f3n. \u00b7 Se realizan actividades solidarias cuya recaudaci\u00f3n se destina \u00edntegramente a &hellip; <a href=\"https:\/\/apacbc.es\/apahistorico\/pastoral\/\">Sigue leyendo <span class=\"meta-nav\">&rarr;<\/span><\/a><\/p>\n","protected":false},"author":1,"featured_media":0,"parent":0,"menu_order":50,"comment_status":"closed","ping_status":"closed","template":"","meta":{"footnotes":""},"class_list":["post-71","page","type-page","status-publish","hentry"],"_links":{"self":[{"href":"https:\/\/apacbc.es\/apahistorico\/wp-json\/wp\/v2\/pages\/71"}],"collection":[{"href":"https:\/\/apacbc.es\/apahistorico\/wp-json\/wp\/v2\/pages"}],"about":[{"href":"https:\/\/apacbc.es\/apahistorico\/wp-json\/wp\/v2\/types\/page"}],"author":[{"embeddable":true,"href":"https:\/\/apacbc.es\/apahistorico\/wp-json\/wp\/v2\/users\/1"}],"replies":[{"embeddable":true,"href":"https:\/\/apacbc.es\/apahistorico\/wp-json\/wp\/v2\/comments?post=71"}],"version-history":[{"count":0,"href":"https:\/\/apacbc.es\/apahistorico\/wp-json\/wp\/v2\/pages\/71\/revisions"}],"wp:attachment":[{"href":"https:\/\/apacbc.es\/apahistorico\/wp-json\/wp\/v2\/media?parent=71"}],"curies":[{"name":"wp","href":"https:\/\/api.w.org\/{rel}","templated":true}]}}